{"id":5047,"date":"2023-02-10T09:49:44","date_gmt":"2023-02-10T09:49:44","guid":{"rendered":"https:\/\/wordpress.festdesjahres.at\/?page_id=5047"},"modified":"2025-06-02T18:28:38","modified_gmt":"2025-06-02T18:28:38","slug":"datenschutzerklaerung","status":"publish","type":"page","link":"https:\/\/www.festdesjahres.at\/en\/datenschutzerklaerung\/","title":{"rendered":"Datenschutzerkl\u00e4rung"},"content":{"rendered":"<div data-elementor-type=\"wp-page\" data-elementor-id=\"5047\" class=\"elementor elementor-5047\">\n\t\t\t\t\t\t<section class=\"elementor-section elementor-top-section elementor-element elementor-element-169c452 elementor-section-boxed elementor-section-height-default elementor-section-height-default\" data-id=\"169c452\" data-element_type=\"section\" data-e-type=\"section\">\n\t\t\t\t\t\t<div class=\"elementor-container elementor-column-gap-default\">\n\t\t\t\t\t<div class=\"elementor-column elementor-col-100 elementor-top-column elementor-element elementor-element-a3eb0b9\" data-id=\"a3eb0b9\" data-element_type=\"column\" data-e-type=\"column\">\n\t\t\t<div class=\"elementor-widget-wrap elementor-element-populated\">\n\t\t\t\t\t\t<div class=\"elementor-element elementor-element-98563d6 elementor-widget elementor-widget-text-editor\" data-id=\"98563d6\" data-element_type=\"widget\" data-e-type=\"widget\" data-widget_type=\"text-editor.default\">\n\t\t\t\t<div class=\"elementor-widget-container\">\n\t\t\t\t\t\t\t\t\t<p><b>Datenschutzerkl\u00e4rung<\/b><\/p><p>Wir verarbeiten Ihre personenbezogenen Daten, die unter folgende Datenkategorien fallen:<\/p><p>\u2022 Name\/Firma, <br \/>\u2022 Kontaktdaten (Telefonnummer, Telefaxnummer, E-Mail-Adresse, etc.) <br \/>\u2022 Fotos auf dem Gel\u00e4nde<br \/>\u2022 \u2026<\/p><p>Sie haben uns Daten \u00fcber sich freiwillig zur Verf\u00fcgung gestellt und wir verarbeiten diese Daten auf Grundlage Ihrer Einwilligung zu folgenden Zwecken:<\/p><p>\u2022 Betreuung des Kunden sowie <br \/>\u2022 f\u00fcr eigene Werbezwecke, beispielsweise zur Zusendung von Angeboten, Werbeprospekten und Newsletter (in Papier- und elektronischer Form), sowie zum Zwecke des Hinweises auf die zum Kunden bestehende oder vormalige Gesch\u00e4ftsbeziehung (Referenzhinweis).<\/p><p>Sie k\u00f6nnen diese Einwilligung jederzeit widerrufen. Ein Widerruf hat zur Folge, dass wir Ihre Daten ab diesem Zeitpunkt zu oben genannten Zwecken nicht mehr verarbeiten. F\u00fcr einen Widerruf wenden Sie sich bitte an:<\/p><ul class=\"elementor-icon-list-items\"><li class=\"elementor-icon-list-item\"><span class=\"elementor-icon-list-text\">Markus Wieser<\/span><\/li><li class=\"elementor-icon-list-item\"><i class=\"fas fa-map-marker-alt\" aria-hidden=\"true\"><\/i><span class=\"elementor-icon-list-text\">Rohrbacher Stra\u00dfe 7<br \/>A &#8211; 4143 Neustift im M\u00fchlkreis<\/span><\/li><li class=\"elementor-icon-list-item\"><a href=\"mailto:office@festdesjahres.at\"><i class=\"fas fa-envelope-square\" aria-hidden=\"true\"><\/i><span style=\"text-decoration: underline;\"><span class=\"elementor-icon-list-text\" style=\"color: #ff6600; text-decoration: underline;\">office@festdesjahres.at<\/span><\/span><\/a><\/li><\/ul><p><br \/>Die von Ihnen bereit gestellten Daten sind weiters zur Vertragserf\u00fcllung bzw. zur Durchf\u00fchrung vorvertraglicher Ma\u00dfnahmen erforderlich. Ohne diese Daten k\u00f6nnen wir den Vertrag mit Ihnen nicht abschlie\u00dfen.<\/p><p>Wir speichern Ihre Daten w\u00e4rend der Veranstaltung (Pfingstfreitag bis Pfingstmontag)<\/p><p>F\u00fcr diese Datenverarbeitung ziehen wir Auftragsverarbeiter heran.<\/p><p>Wir geben Ihre Daten an KEINE Empf\u00e4nger bzw. Empf\u00e4ngerkategorien weiter!<br \/>Ausnahme: Sicherheitsbeh\u00f6rde (wenn ben\u00f6tigt)<\/p><p>Sie erreichen uns unter folgenden Kontaktdaten:<\/p><ul class=\"elementor-icon-list-items\"><li class=\"elementor-icon-list-item\"><span class=\"elementor-icon-list-text\">Markus Wieser<\/span><\/li><li class=\"elementor-icon-list-item\"><i class=\"fas fa-map-marker-alt\" aria-hidden=\"true\"><\/i><span class=\"elementor-icon-list-text\">Rohrbacher Stra\u00dfe 7<br \/>A &#8211; 4143 Neustift im M\u00fchlkreis<\/span><\/li><li class=\"elementor-icon-list-item\"><a href=\"mailto:office@festdesjahres.at\"><i class=\"fas fa-envelope-square\" aria-hidden=\"true\"><\/i><span style=\"text-decoration: underline;\"><span class=\"elementor-icon-list-text\" style=\"color: #ff6600; text-decoration: underline;\">office@festdesjahres.at<\/span><\/span><\/a><br \/><br \/><\/li><\/ul><p>Unseren Datenschutzbeauftragten erreichen Sie unter:\u00a0<\/p><ul class=\"elementor-icon-list-items\"><li class=\"elementor-icon-list-item\"><span class=\"elementor-icon-list-text\">Markus Wieser<\/span><\/li><li class=\"elementor-icon-list-item\"><i class=\"fas fa-map-marker-alt\" aria-hidden=\"true\"><\/i><span class=\"elementor-icon-list-text\">Rohrbacher Stra\u00dfe 7<br \/>A &#8211; 4143 Neustift im M\u00fchlkreis<\/span><\/li><li class=\"elementor-icon-list-item\"><a href=\"mailto:office@festdesjahres.at\"><i class=\"fas fa-envelope-square\" aria-hidden=\"true\"><\/i><span style=\"text-decoration: underline;\"><span class=\"elementor-icon-list-text\" style=\"color: #ff6600; text-decoration: underline;\">office@festdesjahres.at<\/span><\/span><\/a><\/li><li>\u00a0<\/li><\/ul><p>Rechtsbehelfsbelehrung<br \/>Ihnen stehen grunds\u00e4tzlich die Rechte auf Auskunft, Berichtigung, L\u00f6schung, Einschr\u00e4nkung, Daten\u00fcbertragbarkeit und Widerspruch zu. Daf\u00fcr wenden Sie sich an uns. Wenn Sie glauben, dass die Verarbeitung Ihrer Daten gegen das Datenschutzrecht verst\u00f6\u00dft oder Ihre datenschutzrechtlichen Anspr\u00fcche sonst in einer Weise verletzt worden sind, k\u00f6nnen Sie sich bei der Aufsichtsbeh\u00f6rde beschweren. In \u00d6sterreich ist die Datenschutzbeh\u00f6rde zust\u00e4ndig.<\/p><ul class=\"elementor-icon-list-items\" style=\"font-size: 16px; font-style: normal; font-weight: 400; font-family: 'PT Sans', sans-serif; background-color: #f6f6f6;\"><li class=\"elementor-icon-list-item\" style=\"padding-bottom: calc(7.5px); align-items: center; justify-content: flex-start; text-align: left;\"><span class=\"elementor-icon-list-text\" style=\"align-self: center; padding-inline-start: 5px; color: #f5f5f5; transition: color 0.3s; font-family: 'Open Sans', sans-serif; font-size: 17px; line-height: 1.7em;\">Markus Wieser<\/span><\/li><li class=\"elementor-icon-list-item\" style=\"margin-top: calc(7.5px); padding-bottom: calc(7.5px); align-items: center; justify-content: flex-start; text-align: left;\"><span class=\"elementor-icon-list-text\" style=\"color: #f5f5f5; transition: color 0.3s; font-family: 'Open Sans', sans-serif; font-size: 17px; line-height: 1.7em;\">Rohrbacher Stra\u00dfe 7<br \/>A &#8211; 4143 Neustift im M\u00fchlkreis<\/span><\/li><li class=\"elementor-icon-list-item\" style=\"margin-top: calc(7.5px); padding-bottom: calc(7.5px); align-items: center; justify-content: flex-start; text-align: left;\"><a style=\"transition-property: all; outline: 0px; font-size: 17px; align-items: center; width: 700px; justify-content: flex-start; font-family: 'Open Sans', sans-serif; line-height: 1.7em;\" href=\"mailto:office@festdesjahres.at\"><span class=\"elementor-icon-list-text\" style=\"color: #f5f5f5; transition: color 0.3s;\">office@festdesjahres.at<\/span><\/a><\/li><\/ul>\t\t\t\t\t\t\t\t<\/div>\n\t\t\t\t<\/div>\n\t\t\t\t\t<\/div>\n\t\t<\/div>\n\t\t\t\t\t<\/div>\n\t\t<\/section>\n\t\t\t\t<\/div>","protected":false},"excerpt":{"rendered":"<p>Datenschutzerkl\u00e4rung Wir verarbeiten Ihre personenbezogenen Daten, die unter folgende Datenkategorien fallen: \u2022 Name\/Firma, \u2022 Kontaktdaten (Telefonnummer, Telefaxnummer, E-Mail-Adresse, etc.) \u2022 Fotos auf dem Gel\u00e4nde\u2022 \u2026 Sie haben uns Daten \u00fcber sich freiwillig zur Verf\u00fcgung gestellt und wir verarbeiten diese Daten auf Grundlage Ihrer Einwilligung zu folgenden Zwecken: \u2022 Betreuung des Kunden sowie \u2022 f\u00fcr eigene [&hellip;]<\/p>\n","protected":false},"author":1,"featured_media":0,"parent":0,"menu_order":0,"comment_status":"closed","ping_status":"closed","template":"","meta":{"_uag_custom_page_level_css":"","site-sidebar-layout":"no-sidebar","site-content-layout":"page-builder","ast-site-content-layout":"default","site-content-style":"default","site-sidebar-style":"default","ast-global-header-display":"","ast-banner-title-visibility":"","ast-main-header-display":"","ast-hfb-above-header-display":"","ast-hfb-below-header-display":"","ast-hfb-mobile-header-display":"","site-post-title":"disabled","ast-breadcrumbs-content":"","ast-featured-img":"disabled","footer-sml-layout":"","theme-transparent-header-meta":"","adv-header-id-meta":"","stick-header-meta":"","header-above-stick-meta":"","header-main-stick-meta":"","header-below-stick-meta":"","astra-migrate-meta-layouts":"default","ast-page-background-enabled":"default","ast-page-background-meta":{"desktop":{"background-color":"","background-image":"","background-repeat":"repeat","background-position":"center center","background-size":"auto","background-attachment":"scroll","background-type":"","background-media":"","overlay-type":"","overlay-color":"","overlay-opacity":"","overlay-gradient":""},"tablet":{"background-color":"","background-image":"","background-repeat":"repeat","background-position":"center center","background-size":"auto","background-attachment":"scroll","background-type":"","background-media":"","overlay-type":"","overlay-color":"","overlay-opacity":"","overlay-gradient":""},"mobile":{"background-color":"","background-image":"","background-repeat":"repeat","background-position":"center center","background-size":"auto","background-attachment":"scroll","background-type":"","background-media":"","overlay-type":"","overlay-color":"","overlay-opacity":"","overlay-gradient":""}},"ast-content-background-meta":{"desktop":{"background-color":"var(--ast-global-color-5)","background-image":"","background-repeat":"repeat","background-position":"center center","background-size":"auto","background-attachment":"scroll","background-type":"","background-media":"","overlay-type":"","overlay-color":"","overlay-opacity":"","overlay-gradient":""},"tablet":{"background-color":"var(--ast-global-color-5)","background-image":"","background-repeat":"repeat","background-position":"center center","background-size":"auto","background-attachment":"scroll","background-type":"","background-media":"","overlay-type":"","overlay-color":"","overlay-opacity":"","overlay-gradient":""},"mobile":{"background-color":"var(--ast-global-color-5)","background-image":"","background-repeat":"repeat","background-position":"center center","background-size":"auto","background-attachment":"scroll","background-type":"","background-media":"","overlay-type":"","overlay-color":"","overlay-opacity":"","overlay-gradient":""}},"footnotes":""},"class_list":["post-5047","page","type-page","status-publish","hentry"],"yoast_head":"<!-- This site is optimized with the Yoast SEO plugin v27.3 - https:\/\/yoast.com\/product\/yoast-seo-wordpress\/ -->\n<title>Datenschutzerkl\u00e4rung - Fest des Jahres<\/title>\n<meta name=\"robots\" content=\"noindex, follow\" \/>\n<meta property=\"og:locale\" content=\"en_US\" \/>\n<meta property=\"og:type\" content=\"article\" \/>\n<meta property=\"og:title\" content=\"Datenschutzerkl\u00e4rung - Fest des Jahres\" \/>\n<meta property=\"og:description\" content=\"Datenschutzerkl\u00e4rung Wir verarbeiten Ihre personenbezogenen Daten, die unter folgende Datenkategorien fallen: \u2022 Name\/Firma, \u2022 Kontaktdaten (Telefonnummer, Telefaxnummer, E-Mail-Adresse, etc.) \u2022 Fotos auf dem Gel\u00e4nde\u2022 \u2026 Sie haben uns Daten \u00fcber sich freiwillig zur Verf\u00fcgung gestellt und wir verarbeiten diese Daten auf Grundlage Ihrer Einwilligung zu folgenden Zwecken: \u2022 Betreuung des Kunden sowie \u2022 f\u00fcr eigene [&hellip;]\" \/>\n<meta property=\"og:url\" content=\"https:\/\/www.festdesjahres.at\/en\/datenschutzerklaerung\/\" \/>\n<meta property=\"og:site_name\" content=\"Fest des Jahres\" \/>\n<meta property=\"article:modified_time\" content=\"2025-06-02T18:28:38+00:00\" \/>\n<meta name=\"twitter:card\" content=\"summary_large_image\" \/>\n<meta name=\"twitter:label1\" content=\"Est. reading time\" \/>\n\t<meta name=\"twitter:data1\" content=\"2 minutes\" \/>\n<script type=\"application\/ld+json\" class=\"yoast-schema-graph\">{\"@context\":\"https:\\\/\\\/schema.org\",\"@graph\":[{\"@type\":\"WebPage\",\"@id\":\"https:\\\/\\\/www.festdesjahres.at\\\/datenschutzerklaerung\\\/\",\"url\":\"https:\\\/\\\/www.festdesjahres.at\\\/datenschutzerklaerung\\\/\",\"name\":\"Datenschutzerkl\u00e4rung - Fest des Jahres\",\"isPartOf\":{\"@id\":\"https:\\\/\\\/www.festdesjahres.at\\\/#website\"},\"datePublished\":\"2023-02-10T09:49:44+00:00\",\"dateModified\":\"2025-06-02T18:28:38+00:00\",\"breadcrumb\":{\"@id\":\"https:\\\/\\\/www.festdesjahres.at\\\/datenschutzerklaerung\\\/#breadcrumb\"},\"inLanguage\":\"en-US\",\"potentialAction\":[{\"@type\":\"ReadAction\",\"target\":[\"https:\\\/\\\/www.festdesjahres.at\\\/datenschutzerklaerung\\\/\"]}]},{\"@type\":\"BreadcrumbList\",\"@id\":\"https:\\\/\\\/www.festdesjahres.at\\\/datenschutzerklaerung\\\/#breadcrumb\",\"itemListElement\":[{\"@type\":\"ListItem\",\"position\":1,\"name\":\"Startseite\",\"item\":\"https:\\\/\\\/www.festdesjahres.at\\\/\"},{\"@type\":\"ListItem\",\"position\":2,\"name\":\"Datenschutzerkl\u00e4rung\"}]},{\"@type\":\"WebSite\",\"@id\":\"https:\\\/\\\/www.festdesjahres.at\\\/#website\",\"url\":\"https:\\\/\\\/www.festdesjahres.at\\\/\",\"name\":\"Fest des Jahres\",\"description\":\"\",\"publisher\":{\"@id\":\"https:\\\/\\\/www.festdesjahres.at\\\/#organization\"},\"potentialAction\":[{\"@type\":\"SearchAction\",\"target\":{\"@type\":\"EntryPoint\",\"urlTemplate\":\"https:\\\/\\\/www.festdesjahres.at\\\/?s={search_term_string}\"},\"query-input\":{\"@type\":\"PropertyValueSpecification\",\"valueRequired\":true,\"valueName\":\"search_term_string\"}}],\"inLanguage\":\"en-US\"},{\"@type\":\"Organization\",\"@id\":\"https:\\\/\\\/www.festdesjahres.at\\\/#organization\",\"name\":\"Fest des Jahres\",\"url\":\"https:\\\/\\\/www.festdesjahres.at\\\/\",\"logo\":{\"@type\":\"ImageObject\",\"inLanguage\":\"en-US\",\"@id\":\"https:\\\/\\\/www.festdesjahres.at\\\/#\\\/schema\\\/logo\\\/image\\\/\",\"url\":\"https:\\\/\\\/www.festdesjahres.at\\\/wp-content\\\/uploads\\\/2022\\\/12\\\/cropped-Das_Fest_des_Jahres_Logo_klein-1.png\",\"contentUrl\":\"https:\\\/\\\/www.festdesjahres.at\\\/wp-content\\\/uploads\\\/2022\\\/12\\\/cropped-Das_Fest_des_Jahres_Logo_klein-1.png\",\"width\":1448,\"height\":732,\"caption\":\"Fest des Jahres\"},\"image\":{\"@id\":\"https:\\\/\\\/www.festdesjahres.at\\\/#\\\/schema\\\/logo\\\/image\\\/\"}}]}<\/script>\n<!-- \/ Yoast SEO plugin. -->","yoast_head_json":{"title":"Datenschutzerkl\u00e4rung - Fest des Jahres","robots":{"index":"noindex","follow":"follow"},"og_locale":"en_US","og_type":"article","og_title":"Datenschutzerkl\u00e4rung - Fest des Jahres","og_description":"Datenschutzerkl\u00e4rung Wir verarbeiten Ihre personenbezogenen Daten, die unter folgende Datenkategorien fallen: \u2022 Name\/Firma, \u2022 Kontaktdaten (Telefonnummer, Telefaxnummer, E-Mail-Adresse, etc.) \u2022 Fotos auf dem Gel\u00e4nde\u2022 \u2026 Sie haben uns Daten \u00fcber sich freiwillig zur Verf\u00fcgung gestellt und wir verarbeiten diese Daten auf Grundlage Ihrer Einwilligung zu folgenden Zwecken: \u2022 Betreuung des Kunden sowie \u2022 f\u00fcr eigene [&hellip;]","og_url":"https:\/\/www.festdesjahres.at\/en\/datenschutzerklaerung\/","og_site_name":"Fest des Jahres","article_modified_time":"2025-06-02T18:28:38+00:00","twitter_card":"summary_large_image","twitter_misc":{"Est. reading time":"2 minutes"},"schema":{"@context":"https:\/\/schema.org","@graph":[{"@type":"WebPage","@id":"https:\/\/www.festdesjahres.at\/datenschutzerklaerung\/","url":"https:\/\/www.festdesjahres.at\/datenschutzerklaerung\/","name":"Datenschutzerkl\u00e4rung - Fest des Jahres","isPartOf":{"@id":"https:\/\/www.festdesjahres.at\/#website"},"datePublished":"2023-02-10T09:49:44+00:00","dateModified":"2025-06-02T18:28:38+00:00","breadcrumb":{"@id":"https:\/\/www.festdesjahres.at\/datenschutzerklaerung\/#breadcrumb"},"inLanguage":"en-US","potentialAction":[{"@type":"ReadAction","target":["https:\/\/www.festdesjahres.at\/datenschutzerklaerung\/"]}]},{"@type":"BreadcrumbList","@id":"https:\/\/www.festdesjahres.at\/datenschutzerklaerung\/#breadcrumb","itemListElement":[{"@type":"ListItem","position":1,"name":"Startseite","item":"https:\/\/www.festdesjahres.at\/"},{"@type":"ListItem","position":2,"name":"Datenschutzerkl\u00e4rung"}]},{"@type":"WebSite","@id":"https:\/\/www.festdesjahres.at\/#website","url":"https:\/\/www.festdesjahres.at\/","name":"Fest des Jahres","description":"","publisher":{"@id":"https:\/\/www.festdesjahres.at\/#organization"},"potentialAction":[{"@type":"SearchAction","target":{"@type":"EntryPoint","urlTemplate":"https:\/\/www.festdesjahres.at\/?s={search_term_string}"},"query-input":{"@type":"PropertyValueSpecification","valueRequired":true,"valueName":"search_term_string"}}],"inLanguage":"en-US"},{"@type":"Organization","@id":"https:\/\/www.festdesjahres.at\/#organization","name":"Fest des Jahres","url":"https:\/\/www.festdesjahres.at\/","logo":{"@type":"ImageObject","inLanguage":"en-US","@id":"https:\/\/www.festdesjahres.at\/#\/schema\/logo\/image\/","url":"https:\/\/www.festdesjahres.at\/wp-content\/uploads\/2022\/12\/cropped-Das_Fest_des_Jahres_Logo_klein-1.png","contentUrl":"https:\/\/www.festdesjahres.at\/wp-content\/uploads\/2022\/12\/cropped-Das_Fest_des_Jahres_Logo_klein-1.png","width":1448,"height":732,"caption":"Fest des Jahres"},"image":{"@id":"https:\/\/www.festdesjahres.at\/#\/schema\/logo\/image\/"}}]}},"uagb_featured_image_src":{"full":false,"thumbnail":false,"medium":false,"medium_large":false,"large":false,"1536x1536":false,"2048x2048":false,"trp-custom-language-flag":false},"uagb_author_info":{"display_name":"admin","author_link":"https:\/\/www.festdesjahres.at\/en\/author\/office_muhmko9q\/"},"uagb_comment_info":0,"uagb_excerpt":"Datenschutzerkl\u00e4rung Wir verarbeiten Ihre personenbezogenen Daten, die unter folgende Datenkategorien fallen: \u2022 Name\/Firma, \u2022 Kontaktdaten (Telefonnummer, Telefaxnummer, E-Mail-Adresse, etc.) \u2022 Fotos auf dem Gel\u00e4nde\u2022 \u2026 Sie haben uns Daten \u00fcber sich freiwillig zur Verf\u00fcgung gestellt und wir verarbeiten diese Daten auf Grundlage Ihrer Einwilligung zu folgenden Zwecken: \u2022 Betreuung des Kunden sowie \u2022 f\u00fcr eigene&hellip;","_links":{"self":[{"href":"https:\/\/www.festdesjahres.at\/en\/wp-json\/wp\/v2\/pages\/5047","targetHints":{"allow":["GET"]}}],"collection":[{"href":"https:\/\/www.festdesjahres.at\/en\/wp-json\/wp\/v2\/pages"}],"about":[{"href":"https:\/\/www.festdesjahres.at\/en\/wp-json\/wp\/v2\/types\/page"}],"author":[{"embeddable":true,"href":"https:\/\/www.festdesjahres.at\/en\/wp-json\/wp\/v2\/users\/1"}],"replies":[{"embeddable":true,"href":"https:\/\/www.festdesjahres.at\/en\/wp-json\/wp\/v2\/comments?post=5047"}],"version-history":[{"count":19,"href":"https:\/\/www.festdesjahres.at\/en\/wp-json\/wp\/v2\/pages\/5047\/revisions"}],"predecessor-version":[{"id":8544,"href":"https:\/\/www.festdesjahres.at\/en\/wp-json\/wp\/v2\/pages\/5047\/revisions\/8544"}],"wp:attachment":[{"href":"https:\/\/www.festdesjahres.at\/en\/wp-json\/wp\/v2\/media?parent=5047"}],"curies":[{"name":"wp","href":"https:\/\/api.w.org\/{rel}","templated":true}]}}