{"id":1872,"date":"2022-12-22T16:40:35","date_gmt":"2022-12-22T16:40:35","guid":{"rendered":"https:\/\/wordpress.festdesjahres.at\/?page_id=1872"},"modified":"2025-03-30T12:03:33","modified_gmt":"2025-03-30T12:03:33","slug":"impressum","status":"publish","type":"page","link":"https:\/\/www.festdesjahres.at\/en\/impressum\/","title":{"rendered":"Imprint"},"content":{"rendered":"<div data-elementor-type=\"wp-page\" data-elementor-id=\"1872\" class=\"elementor elementor-1872\">\n\t\t\t\t\t\t<section class=\"elementor-section elementor-top-section elementor-element elementor-element-5975175 elementor-section-boxed elementor-section-height-default elementor-section-height-default\" data-id=\"5975175\" data-element_type=\"section\" data-e-type=\"section\">\n\t\t\t\t\t\t<div class=\"elementor-container elementor-column-gap-default\">\n\t\t\t\t\t<div class=\"elementor-column elementor-col-100 elementor-top-column elementor-element elementor-element-fae756d\" data-id=\"fae756d\" data-element_type=\"column\" data-e-type=\"column\">\n\t\t\t<div class=\"elementor-widget-wrap elementor-element-populated\">\n\t\t\t\t\t\t<div class=\"elementor-element elementor-element-c14e5a8 elementor-widget elementor-widget-text-editor\" data-id=\"c14e5a8\" data-element_type=\"widget\" data-e-type=\"widget\" data-widget_type=\"text-editor.default\">\n\t\t\t\t<div class=\"elementor-widget-container\">\n\t\t\t\t\t\t\t\t\t<h4><b style=\"color: var(--ast-global-color-2); font-style: inherit; font-size: 1.125rem;\">Imprint<\/b><\/h4>\n<p><span style=\"font-style: inherit; font-weight: inherit; color: var(--ast-global-color-3);\">Duty to inform according to \u00a75 E-Commerce Act, \u00a714 Company Code, \u00a763 Industrial Code and duty to disclose according to \u00a725 Media Act.<\/span><\/p>\n<p>Fest des Jahres<br><span style=\"color: var(--ast-global-color-3); font-style: inherit; font-weight: inherit;\">Rohrbacher Stra\u00dfe 7<br><\/span><span style=\"font-style: inherit; font-weight: inherit; color: var(--ast-global-color-3);\">4143 Neustift im M\u00fchlkreis<br><\/span><span style=\"font-style: inherit; font-weight: inherit; color: var(--ast-global-color-3);\">Austria<\/span><\/p>\n<p><strong>Organizational representatives<\/strong><br>FF Neustift: Kommandant Markus Wieser<br>FF Rannariedl: Kommandant Christoph Bauer<\/p>\n<p><strong>Association headquarters:<\/strong>&nbsp;Rohrbacher Stra\u00dfe 7, 4143 Neustift im M\u00fchlkreis<br><strong>Tel.:<\/strong>&nbsp;<a href=\"http:\/\/tel: +43 676 88559 1111\" target=\"_blank\" rel=\"noopener\">+43 <\/a>676<a href=\"http:\/\/tel: +43 676 88559 1111\" target=\"_blank\" rel=\"noopener\"> 88559 1111<\/a><br><strong>E-Mail:<\/strong>&nbsp;<a style=\"background-color: #ffffff; font-size: 1rem;\" href=\"mailto:mail to: office@festdesjahres.at\" target=\"_blank\" rel=\"noopener\">office@festdesjahres.at<\/a><\/p>\n<p><strong>Purpose of the association:<\/strong><br>Fest des Jahres<\/p>\n<p><strong>Contact details of the person responsible for data protection<\/strong><br>If you have any questions regarding data protection, please find below the contact details of the responsible person or office:<\/p>\n<p><strong>Fest des Jahres<\/strong><br>Rohrbacher Stra\u00dfe 7, 4143 Neustift im M\u00fchlkreis, \u00d6sterreich<br>Vertretungsberechtigt: Christoph Bauer und Markus Wieser<br>E-mail address:&nbsp;<a href=\"mailto:office@festdesjahres.at\">office@festdesjahres.at<\/a><br>Telefon:&nbsp;+43 676 88559 1111<br>Imprint&nbsp;<a href=\"https:\/\/www.festdesjahre.at\/impressum\/\">https:\/\/www.festdesjahres.at\/impressum\/<\/a><\/p>\n<p><b>Liability for the contents of this website<br><\/b><span style=\"font-style: inherit; font-weight: inherit; color: var(--ast-global-color-3);\">We are constantly developing the content of this website and strive to provide accurate and up-to-date information. Unfortunately, we cannot assume any liability for the correctness of all content on this website, especially for that provided by third parties. As a service provider, we are not obliged to monitor the information transmitted or stored by you or to investigate circumstances that indicate illegal activity.<\/span><\/p>\n<p>If you notice problematic or illegal content, please contact us immediately so that we can remove the illegal content. You can find the contact details in the imprint.<\/p>\n<p><b>Liability for links on this website<br><\/b><span style=\"font-style: inherit; font-weight: inherit; color: var(--ast-global-color-3);\">Our website contains links to other websites for whose content we are not responsible. We are not liable for linked websites, as we had and have no knowledge of any illegal activities, we have not noticed any such illegalities so far and we would remove links immediately if we became aware of any illegalities.<\/span><\/p>\n<p>If you notice illegal links on our website, please contact us. You will find the contact details in the imprint.<\/p>\n<p><b>Copyright notice<br><\/b><span style=\"font-style: inherit; font-weight: inherit; color: var(--ast-global-color-3);\">All contents of this website (images, photos, texts, videos) are subject to copyright. Please consult us before you distribute, reproduce or exploit the content of this website such as republishing on other websites. If necessary, we will legally prosecute the unauthorized use of any part of the content of our site.<\/span><\/p>\n<p>If you find any content on this website that infringes copyright, please contact us.<\/p>\n<p><strong>Picture credits<\/strong><\/p>\n<p>The images, photos and graphics on this website are protected by copyright.<br><span style=\"font-style: inherit; font-weight: inherit; color: var(--ast-global-color-3);\">The image rights are held by the following photographers and companies:<\/span><\/p>\n<ul>\n<li>Fest des Jahres<\/li>\n<\/ul>\n<p>Alle Texte sind urheberrechtlich gesch\u00fctzt.Ro<\/p>\t\t\t\t\t\t\t\t<\/div>\n\t\t\t\t<\/div>\n\t\t\t\t\t<\/div>\n\t\t<\/div>\n\t\t\t\t\t<\/div>\n\t\t<\/section>\n\t\t\t\t<\/div>","protected":false},"excerpt":{"rendered":"<p>Impressum Informationspflicht laut \u00a75 E-Commerce Gesetz, \u00a714 Unternehmensgesetzbuch, \u00a763 Gewerbeordnung und Offenlegungspflicht laut \u00a725 Mediengesetz. Fest des JahresRohrbacher Stra\u00dfe 74143 Neustift im M\u00fchlkreis\u00d6sterreich Organschaftliche VertreterFF Neustift: Kommandant Markus WieserFF Rannariedl: Kommandant Christoph Bauer Vereinssitz:&nbsp;Rohrbacher Stra\u00dfe 7, 4143 Neustift im M\u00fchlkreisTel.:&nbsp;+43 676 88559 1111E-Mail:&nbsp;office@festdesjahres.at Vereinszweck:Fest des Jahres Kontaktdaten des Verantwortlichen f\u00fcr DatenschutzSollten Sie Fragen zum Datenschutz [&hellip;]<\/p>\n","protected":false},"author":1,"featured_media":0,"parent":0,"menu_order":0,"comment_status":"closed","ping_status":"closed","template":"","meta":{"_uag_custom_page_level_css":"","site-sidebar-layout":"no-sidebar","site-content-layout":"page-builder","ast-site-content-layout":"default","site-content-style":"default","site-sidebar-style":"default","ast-global-header-display":"","ast-banner-title-visibility":"","ast-main-header-display":"","ast-hfb-above-header-display":"","ast-hfb-below-header-display":"","ast-hfb-mobile-header-display":"","site-post-title":"disabled","ast-breadcrumbs-content":"","ast-featured-img":"disabled","footer-sml-layout":"","theme-transparent-header-meta":"","adv-header-id-meta":"","stick-header-meta":"","header-above-stick-meta":"","header-main-stick-meta":"","header-below-stick-meta":"","astra-migrate-meta-layouts":"default","ast-page-background-enabled":"default","ast-page-background-meta":{"desktop":{"background-color":"","background-image":"","background-repeat":"repeat","background-position":"center center","background-size":"auto","background-attachment":"scroll","background-type":"","background-media":"","overlay-type":"","overlay-color":"","overlay-opacity":"","overlay-gradient":""},"tablet":{"background-color":"","background-image":"","background-repeat":"repeat","background-position":"center center","background-size":"auto","background-attachment":"scroll","background-type":"","background-media":"","overlay-type":"","overlay-color":"","overlay-opacity":"","overlay-gradient":""},"mobile":{"background-color":"","background-image":"","background-repeat":"repeat","background-position":"center center","background-size":"auto","background-attachment":"scroll","background-type":"","background-media":"","overlay-type":"","overlay-color":"","overlay-opacity":"","overlay-gradient":""}},"ast-content-background-meta":{"desktop":{"background-color":"var(--ast-global-color-5)","background-image":"","background-repeat":"repeat","background-position":"center center","background-size":"auto","background-attachment":"scroll","background-type":"","background-media":"","overlay-type":"","overlay-color":"","overlay-opacity":"","overlay-gradient":""},"tablet":{"background-color":"var(--ast-global-color-5)","background-image":"","background-repeat":"repeat","background-position":"center center","background-size":"auto","background-attachment":"scroll","background-type":"","background-media":"","overlay-type":"","overlay-color":"","overlay-opacity":"","overlay-gradient":""},"mobile":{"background-color":"var(--ast-global-color-5)","background-image":"","background-repeat":"repeat","background-position":"center center","background-size":"auto","background-attachment":"scroll","background-type":"","background-media":"","overlay-type":"","overlay-color":"","overlay-opacity":"","overlay-gradient":""}},"footnotes":""},"class_list":["post-1872","page","type-page","status-publish","hentry"],"yoast_head":"<!-- This site is optimized with the Yoast SEO plugin v27.3 - https:\/\/yoast.com\/product\/yoast-seo-wordpress\/ -->\n<title>Impressum - Fest des Jahres<\/title>\n<meta name=\"robots\" content=\"noindex, follow\" \/>\n<meta property=\"og:locale\" content=\"en_US\" \/>\n<meta property=\"og:type\" content=\"article\" \/>\n<meta property=\"og:title\" content=\"Impressum - Fest des Jahres\" \/>\n<meta property=\"og:description\" content=\"Impressum Informationspflicht laut \u00a75 E-Commerce Gesetz, \u00a714 Unternehmensgesetzbuch, \u00a763 Gewerbeordnung und Offenlegungspflicht laut \u00a725 Mediengesetz. Fest des JahresRohrbacher Stra\u00dfe 74143 Neustift im M\u00fchlkreis\u00d6sterreich Organschaftliche VertreterFF Neustift: Kommandant Markus WieserFF Rannariedl: Kommandant Christoph Bauer Vereinssitz:&nbsp;Rohrbacher Stra\u00dfe 7, 4143 Neustift im M\u00fchlkreisTel.:&nbsp;+43 676 88559 1111E-Mail:&nbsp;office@festdesjahres.at Vereinszweck:Fest des Jahres Kontaktdaten des Verantwortlichen f\u00fcr DatenschutzSollten Sie Fragen zum Datenschutz [&hellip;]\" \/>\n<meta property=\"og:url\" content=\"https:\/\/www.festdesjahres.at\/en\/impressum\/\" \/>\n<meta property=\"og:site_name\" content=\"Fest des Jahres\" \/>\n<meta property=\"article:modified_time\" content=\"2025-03-30T12:03:33+00:00\" \/>\n<meta name=\"twitter:card\" content=\"summary_large_image\" \/>\n<meta name=\"twitter:label1\" content=\"Est. reading time\" \/>\n\t<meta name=\"twitter:data1\" content=\"3 minutes\" \/>\n<script type=\"application\/ld+json\" class=\"yoast-schema-graph\">{\"@context\":\"https:\\\/\\\/schema.org\",\"@graph\":[{\"@type\":\"WebPage\",\"@id\":\"https:\\\/\\\/www.festdesjahres.at\\\/impressum\\\/\",\"url\":\"https:\\\/\\\/www.festdesjahres.at\\\/impressum\\\/\",\"name\":\"Impressum - Fest des Jahres\",\"isPartOf\":{\"@id\":\"https:\\\/\\\/www.festdesjahres.at\\\/#website\"},\"datePublished\":\"2022-12-22T16:40:35+00:00\",\"dateModified\":\"2025-03-30T12:03:33+00:00\",\"breadcrumb\":{\"@id\":\"https:\\\/\\\/www.festdesjahres.at\\\/impressum\\\/#breadcrumb\"},\"inLanguage\":\"en-US\",\"potentialAction\":[{\"@type\":\"ReadAction\",\"target\":[\"https:\\\/\\\/www.festdesjahres.at\\\/impressum\\\/\"]}]},{\"@type\":\"BreadcrumbList\",\"@id\":\"https:\\\/\\\/www.festdesjahres.at\\\/impressum\\\/#breadcrumb\",\"itemListElement\":[{\"@type\":\"ListItem\",\"position\":1,\"name\":\"Startseite\",\"item\":\"https:\\\/\\\/www.festdesjahres.at\\\/\"},{\"@type\":\"ListItem\",\"position\":2,\"name\":\"Impressum\"}]},{\"@type\":\"WebSite\",\"@id\":\"https:\\\/\\\/www.festdesjahres.at\\\/#website\",\"url\":\"https:\\\/\\\/www.festdesjahres.at\\\/\",\"name\":\"Fest des Jahres\",\"description\":\"\",\"publisher\":{\"@id\":\"https:\\\/\\\/www.festdesjahres.at\\\/#organization\"},\"potentialAction\":[{\"@type\":\"SearchAction\",\"target\":{\"@type\":\"EntryPoint\",\"urlTemplate\":\"https:\\\/\\\/www.festdesjahres.at\\\/?s={search_term_string}\"},\"query-input\":{\"@type\":\"PropertyValueSpecification\",\"valueRequired\":true,\"valueName\":\"search_term_string\"}}],\"inLanguage\":\"en-US\"},{\"@type\":\"Organization\",\"@id\":\"https:\\\/\\\/www.festdesjahres.at\\\/#organization\",\"name\":\"Fest des Jahres\",\"url\":\"https:\\\/\\\/www.festdesjahres.at\\\/\",\"logo\":{\"@type\":\"ImageObject\",\"inLanguage\":\"en-US\",\"@id\":\"https:\\\/\\\/www.festdesjahres.at\\\/#\\\/schema\\\/logo\\\/image\\\/\",\"url\":\"https:\\\/\\\/www.festdesjahres.at\\\/wp-content\\\/uploads\\\/2022\\\/12\\\/cropped-Das_Fest_des_Jahres_Logo_klein-1.png\",\"contentUrl\":\"https:\\\/\\\/www.festdesjahres.at\\\/wp-content\\\/uploads\\\/2022\\\/12\\\/cropped-Das_Fest_des_Jahres_Logo_klein-1.png\",\"width\":1448,\"height\":732,\"caption\":\"Fest des Jahres\"},\"image\":{\"@id\":\"https:\\\/\\\/www.festdesjahres.at\\\/#\\\/schema\\\/logo\\\/image\\\/\"}}]}<\/script>\n<!-- \/ Yoast SEO plugin. -->","yoast_head_json":{"title":"Impressum - Fest des Jahres","robots":{"index":"noindex","follow":"follow"},"og_locale":"en_US","og_type":"article","og_title":"Impressum - Fest des Jahres","og_description":"Impressum Informationspflicht laut \u00a75 E-Commerce Gesetz, \u00a714 Unternehmensgesetzbuch, \u00a763 Gewerbeordnung und Offenlegungspflicht laut \u00a725 Mediengesetz. Fest des JahresRohrbacher Stra\u00dfe 74143 Neustift im M\u00fchlkreis\u00d6sterreich Organschaftliche VertreterFF Neustift: Kommandant Markus WieserFF Rannariedl: Kommandant Christoph Bauer Vereinssitz:&nbsp;Rohrbacher Stra\u00dfe 7, 4143 Neustift im M\u00fchlkreisTel.:&nbsp;+43 676 88559 1111E-Mail:&nbsp;office@festdesjahres.at Vereinszweck:Fest des Jahres Kontaktdaten des Verantwortlichen f\u00fcr DatenschutzSollten Sie Fragen zum Datenschutz [&hellip;]","og_url":"https:\/\/www.festdesjahres.at\/en\/impressum\/","og_site_name":"Fest des Jahres","article_modified_time":"2025-03-30T12:03:33+00:00","twitter_card":"summary_large_image","twitter_misc":{"Est. reading time":"3 minutes"},"schema":{"@context":"https:\/\/schema.org","@graph":[{"@type":"WebPage","@id":"https:\/\/www.festdesjahres.at\/impressum\/","url":"https:\/\/www.festdesjahres.at\/impressum\/","name":"Impressum - Fest des Jahres","isPartOf":{"@id":"https:\/\/www.festdesjahres.at\/#website"},"datePublished":"2022-12-22T16:40:35+00:00","dateModified":"2025-03-30T12:03:33+00:00","breadcrumb":{"@id":"https:\/\/www.festdesjahres.at\/impressum\/#breadcrumb"},"inLanguage":"en-US","potentialAction":[{"@type":"ReadAction","target":["https:\/\/www.festdesjahres.at\/impressum\/"]}]},{"@type":"BreadcrumbList","@id":"https:\/\/www.festdesjahres.at\/impressum\/#breadcrumb","itemListElement":[{"@type":"ListItem","position":1,"name":"Startseite","item":"https:\/\/www.festdesjahres.at\/"},{"@type":"ListItem","position":2,"name":"Impressum"}]},{"@type":"WebSite","@id":"https:\/\/www.festdesjahres.at\/#website","url":"https:\/\/www.festdesjahres.at\/","name":"Fest des Jahres","description":"","publisher":{"@id":"https:\/\/www.festdesjahres.at\/#organization"},"potentialAction":[{"@type":"SearchAction","target":{"@type":"EntryPoint","urlTemplate":"https:\/\/www.festdesjahres.at\/?s={search_term_string}"},"query-input":{"@type":"PropertyValueSpecification","valueRequired":true,"valueName":"search_term_string"}}],"inLanguage":"en-US"},{"@type":"Organization","@id":"https:\/\/www.festdesjahres.at\/#organization","name":"Fest des Jahres","url":"https:\/\/www.festdesjahres.at\/","logo":{"@type":"ImageObject","inLanguage":"en-US","@id":"https:\/\/www.festdesjahres.at\/#\/schema\/logo\/image\/","url":"https:\/\/www.festdesjahres.at\/wp-content\/uploads\/2022\/12\/cropped-Das_Fest_des_Jahres_Logo_klein-1.png","contentUrl":"https:\/\/www.festdesjahres.at\/wp-content\/uploads\/2022\/12\/cropped-Das_Fest_des_Jahres_Logo_klein-1.png","width":1448,"height":732,"caption":"Fest des Jahres"},"image":{"@id":"https:\/\/www.festdesjahres.at\/#\/schema\/logo\/image\/"}}]}},"uagb_featured_image_src":{"full":false,"thumbnail":false,"medium":false,"medium_large":false,"large":false,"1536x1536":false,"2048x2048":false,"trp-custom-language-flag":false},"uagb_author_info":{"display_name":"admin","author_link":"https:\/\/www.festdesjahres.at\/en\/author\/office_muhmko9q\/"},"uagb_comment_info":0,"uagb_excerpt":"Impressum Informationspflicht laut \u00a75 E-Commerce Gesetz, \u00a714 Unternehmensgesetzbuch, \u00a763 Gewerbeordnung und Offenlegungspflicht laut \u00a725 Mediengesetz. Fest des JahresRohrbacher Stra\u00dfe 74143 Neustift im M\u00fchlkreis\u00d6sterreich Organschaftliche VertreterFF Neustift: Kommandant Markus WieserFF Rannariedl: Kommandant Christoph Bauer Vereinssitz:&nbsp;Rohrbacher Stra\u00dfe 7, 4143 Neustift im M\u00fchlkreisTel.:&nbsp;+43 676 88559 1111E-Mail:&nbsp;office@festdesjahres.at Vereinszweck:Fest des Jahres Kontaktdaten des Verantwortlichen f\u00fcr DatenschutzSollten Sie Fragen zum Datenschutz&hellip;","_links":{"self":[{"href":"https:\/\/www.festdesjahres.at\/en\/wp-json\/wp\/v2\/pages\/1872","targetHints":{"allow":["GET"]}}],"collection":[{"href":"https:\/\/www.festdesjahres.at\/en\/wp-json\/wp\/v2\/pages"}],"about":[{"href":"https:\/\/www.festdesjahres.at\/en\/wp-json\/wp\/v2\/types\/page"}],"author":[{"embeddable":true,"href":"https:\/\/www.festdesjahres.at\/en\/wp-json\/wp\/v2\/users\/1"}],"replies":[{"embeddable":true,"href":"https:\/\/www.festdesjahres.at\/en\/wp-json\/wp\/v2\/comments?post=1872"}],"version-history":[{"count":69,"href":"https:\/\/www.festdesjahres.at\/en\/wp-json\/wp\/v2\/pages\/1872\/revisions"}],"predecessor-version":[{"id":8397,"href":"https:\/\/www.festdesjahres.at\/en\/wp-json\/wp\/v2\/pages\/1872\/revisions\/8397"}],"wp:attachment":[{"href":"https:\/\/www.festdesjahres.at\/en\/wp-json\/wp\/v2\/media?parent=1872"}],"curies":[{"name":"wp","href":"https:\/\/api.w.org\/{rel}","templated":true}]}}